{"id":15308,"date":"2022-11-02T05:01:05","date_gmt":"2022-11-02T05:01:05","guid":{"rendered":"https:\/\/elisabethprada.com\/politica-de-privacidad\/"},"modified":"2022-11-02T05:01:05","modified_gmt":"2022-11-02T05:01:05","slug":"politica-de-privacidad","status":"publish","type":"page","link":"https:\/\/elisabethprada.com\/es\/politica-de-privacidad\/","title":{"rendered":"Pol\u00edtica de privacidad"},"content":{"rendered":"<div class=\"wpb-content-wrapper\"><p>[vc_row][vc_column][vc_column_text]<\/p>\n<p>En cumplimiento con lo establecido en el Reglamento Europeo General de Protecci\u00f3n de Datos 2016\/679 (RGPD) del 27 de Abril de 2016, PAC DENTAL CARE SLP informa a los usuarios de esta p\u00e1gina web de los puntos siguientes:<br>Toda la informaci\u00f3n que reciba o recopile PAC DENTAL CARE SLP con el debido consentimiento del usuario para su tratamiento ser\u00e1 tratada con la m\u00e1xima confidencialidad y seguridad, y se incorporar\u00e1 a los ficheros automatizados de su propiedad y tratamiento de la misma queda sujeta a la normativa nacional y europea sobre la Protecci\u00f3n de Datos.<\/p>\n<p>Esta informaci\u00f3n es utilizada exclusivamente por PAC DENTAL CARE SLP con la finalidad de mantener la relaci\u00f3n comercial y mercantil con sus clientes, as\u00ed como para mantenerlos puntualmente informados de los productos y servicios que ofrece, y no ser\u00e1 comunicada o cedida a terceras partes excepto en los casos en que PAC DENTAL CARE SLP est\u00e9 obligada legalmente oses trate de datos de informaci\u00f3n p\u00fablica.<\/p>\n<p>PAC DENTAL CARE SLP guardar\u00e1 los datos de car\u00e1cter personal que haya recogido, y adoptar\u00e1 las medidas necesarias para evitar su alteraci\u00f3n, p\u00e9rdida, tratamiento o acceso no autorizado.<\/p>\n<p>PAC DENTAL CARE SLP cumplir\u00e1 con esta obligaci\u00f3n de conformidad con el Reglamento 2016\/679 (UE) del Parlamento Europeo y el Consejo de la Uni\u00f3n Europea (Reglamento General de Protecci\u00f3n de Datos \u2013 RGPD) y todas las disposiciones posteriores.<br>Asimismo, todo el personal de PAC DENTAL CARE SLP, as\u00ed como sus posibles proveedores, subcontratados o colaboradores, asumen el compromiso de llevar a cabo su labor profesional respetando la confidencialidad, las obligaciones y las medidas de seguridad establecidas en el marco de la Protecci\u00f3n de Datos.<strong> <\/strong><\/p>\n<p><strong>EJERCICIO DE LOS DERECHOS DE LOS USUARIOS<\/strong><br>Las personas interesadas podr\u00e1n ejercer respecto a PAC DENTAL CARE SLP los derechos de acceso, rectificaci\u00f3n, supresi\u00f3n, portabilidad, y oposici\u00f3n o limitaci\u00f3n al tratamiento de sus datos personales al tratamiento de sus datos, por medio de un escrito firmado dirigido a PAC DENTAL CARE SLP. c\/ Vallseca 122, Local 3. 08195 Sant Cugat del Vall\u00e8s (Barcelona), o envi\u00e1ndolo por email a la direcci\u00f3n info@elisabethprada.com.<\/p>\n<p>Dicha comunicaci\u00f3n de solicitud deber\u00e1 contener los siguientes datos: nombre y apellidos del Usuario, domicilio a efectos de notificaciones, fotocopia del Documento Nacional de Identidad o Pasaporte, y petici\u00f3n en que se concreta la solicitud. En el caso de actuar en representaci\u00f3n de tercero, deber\u00e1 probarse la misma mediante documento fehaciente.<\/p>\n<p><strong>TRANSFERENCIA O CESI\u00d3N DE DATOS<\/strong><br>PAC DENTAL CARE SLP NO tiene contratados servicios de proveedores tecnol\u00f3gicos ubicados en pa\u00edses que no sean europeos o bien no dispongan de una normativa equivalente a la europea (\u201cTerceros Pa\u00edses\u201d).<\/p>\n<p>Cualquier contrataci\u00f3n futura de servicios a encargados de tratamiento de datos realizada por PAC DENTAL CARE SLP siempre cumplir\u00e1 con todos los requisitos establecidos por la normativa europea de protecci\u00f3n de datos, aplicando en el tratamiento de sus datos las garant\u00edas y salvaguardas necesarias para preservar su privacidad y la seguridad de dicha informaci\u00f3n.<\/p>\n<p>[\/vc_column_text][\/vc_column][\/vc_row]<\/p><\/div>","protected":false},"excerpt":{"rendered":"<p>[vc_row][vc_column][vc_column_text] En cumplimiento con lo establecido en el Reglamento Europeo General de Protecci\u00f3n de Datos 2016\/679 (RGPD) del 27 de Abril de 2016, PAC DENTAL CARE SLP informa a los usuarios de esta p\u00e1gina web de los puntos siguientes:Toda la informaci\u00f3n que reciba o recopile PAC DENTAL CARE SLP con el debido consentimiento del usuario&hellip;<\/p>\n","protected":false},"author":2,"featured_media":0,"parent":0,"menu_order":0,"comment_status":"closed","ping_status":"open","template":"","meta":{"inline_featured_image":false,"footnotes":""},"class_list":["post-15308","page","type-page","status-publish","hentry","description-off"],"_links":{"self":[{"href":"https:\/\/elisabethprada.com\/es\/wp-json\/wp\/v2\/pages\/15308","targetHints":{"allow":["GET"]}}],"collection":[{"href":"https:\/\/elisabethprada.com\/es\/wp-json\/wp\/v2\/pages"}],"about":[{"href":"https:\/\/elisabethprada.com\/es\/wp-json\/wp\/v2\/types\/page"}],"author":[{"embeddable":true,"href":"https:\/\/elisabethprada.com\/es\/wp-json\/wp\/v2\/users\/2"}],"replies":[{"embeddable":true,"href":"https:\/\/elisabethprada.com\/es\/wp-json\/wp\/v2\/comments?post=15308"}],"version-history":[{"count":0,"href":"https:\/\/elisabethprada.com\/es\/wp-json\/wp\/v2\/pages\/15308\/revisions"}],"wp:attachment":[{"href":"https:\/\/elisabethprada.com\/es\/wp-json\/wp\/v2\/media?parent=15308"}],"curies":[{"name":"wp","href":"https:\/\/api.w.org\/{rel}","templated":true}]}}